{"id":339,"date":"2023-02-10T12:59:32","date_gmt":"2023-02-10T12:59:32","guid":{"rendered":"http:\/\/skuggedamen.com\/?page_id=339"},"modified":"2023-02-10T15:39:36","modified_gmt":"2023-02-10T15:39:36","slug":"integrity-policy","status":"publish","type":"page","link":"https:\/\/skuggedamen.com\/sv\/integrity-policy\/","title":{"rendered":"Integritets Policy"},"content":{"rendered":"<p><style>#kt-layout-id_1900d5-f3 > .kt-row-column-wrap{align-content:start;}:where(#kt-layout-id_1900d5-f3 > .kt-row-column-wrap) > .wp-block-kadence-column{justify-content:start;}#kt-layout-id_1900d5-f3 > .kt-row-column-wrap{column-gap:var(--global-kb-gap-md, 2rem);row-gap:var(--global-kb-gap-md, 2rem);padding-top:var( --global-kb-row-default-top, 25px );padding-bottom:var( --global-kb-row-default-bottom, 25px );padding-top:0px;grid-template-columns:minmax(0, 1fr);}#kt-layout-id_1900d5-f3 > .kt-row-layout-overlay{opacity:0.30;}@media all and (max-width: 1024px){#kt-layout-id_1900d5-f3 > .kt-row-column-wrap{grid-template-columns:minmax(0, 1fr);}}@media all and (max-width: 767px){#kt-layout-id_1900d5-f3 > .kt-row-column-wrap{grid-template-columns:minmax(0, 1fr);}}<\/style><\/p>\n<div class=\"wp-block-kadence-rowlayout alignnone\">\n<div id=\"kt-layout-id_1900d5-f3\" class=\"kt-row-layout-inner kt-layout-id_1900d5-f3\">\n<div class=\"kt-row-column-wrap kt-has-1-columns kt-gutter-default kt-v-gutter-default kt-row-valign-top kt-row-layout-equal kt-tab-layout-inherit kt-m-colapse-left-to-right kt-mobile-layout-row\"><style>.kadence-column_bf96db-37 > .kt-inside-inner-col{border-top-width:0px;border-right-width:0px;border-bottom-width:0px;border-left-width:0px;}.kadence-column_bf96db-37 > .kt-inside-inner-col,.kadence-column_bf96db-37 > .kt-inside-inner-col:before{border-top-left-radius:0px;border-top-right-radius:0px;border-bottom-right-radius:0px;border-bottom-left-radius:0px;}.kadence-column_bf96db-37 > .kt-inside-inner-col{column-gap:var(--global-kb-gap-sm, 1rem);}.kadence-column_bf96db-37 > .kt-inside-inner-col{flex-direction:column;}.kadence-column_bf96db-37 > .kt-inside-inner-col > .aligncenter{width:100%;}.kadence-column_bf96db-37 > .kt-inside-inner-col:before{opacity:0.3;}.kadence-column_bf96db-37{position:relative;}@media all and (max-width: 1024px){.kadence-column_bf96db-37 > .kt-inside-inner-col{flex-direction:column;justify-content:center;}}@media all and (max-width: 767px){.kadence-column_bf96db-37 > .kt-inside-inner-col{flex-direction:column;justify-content:center;}}<\/style><\/p>\n<div class=\"wp-block-kadence-column inner-column-1 kadence-column_bf96db-37\">\n<div class=\"kt-inside-inner-col\"><\/p>\n<p class=\"has-theme-palette-4-color has-text-color\">Liksom m\u00e5nga webbplatser och applikationer anv\u00e4nder v\u00e5r webbplats cookies och annan teknik (som webbfyrar, webblagring och unika reklamidentifierare) f\u00f6r olika \u00e4ndam\u00e5l. I denna policy h\u00e4nvisar vi till alla dessa tekniker som \"cookies\". Genom cookies samlar vi in \u200b\u200binformation om din enhet och din aktivitet, till exempel din webbl\u00e4sartyp och webbl\u00e4sarinformation, din dators operativsystem, din IP-adress, de sidor du tittade p\u00e5 eller de funktioner du anv\u00e4nde. Denna policy f\u00f6rklarar hur och varf\u00f6r vi anv\u00e4nder cookies och vilka val du har.<\/p>\n<p><\/p>\n<p><\/p>\n<p class=\"has-theme-palette-4-color has-text-color\">Vad \u00e4r kakor?<\/p>\n<p><\/p>\n<p><\/p>\n<p class=\"has-theme-palette-4-color has-text-color\">Kakor(Cookies )\u00e4r sm\u00e5 textfiler som placeras p\u00e5 din enhet (t.ex. din dator, telefon eller surfplatta) n\u00e4r du bes\u00f6ker och navigerar p\u00e5 vissa webbplatser och applikationer. Cookies sp\u00e5rar vissa av dina aktiviteter eller preferenser. Internetcookies \u00e4r vanliga och kommer inte att skada din enhet.<\/p>\n<p><\/p>\n<p><\/p>\n<p class=\"has-theme-palette-4-color has-text-color\">Vissa av v\u00e5ra aff\u00e4rspartners kan sj\u00e4lva anv\u00e4nda cookies. Vi har ingen \u00e5tkomst eller kontroll \u00f6ver dessa cookies. Cookies kan antingen vara \"f\u00f6rsta part\", vilket inneb\u00e4r att de \u00e4r associerade med v\u00e4rddom\u00e4nen t.ex. skuggedamen.com eller \"tredjepartscookies\" om vi till\u00e5ter andra att placera cookies p\u00e5 v\u00e5r webbplats och app, s\u00e5som analyticscookies.<\/p>\n<p><\/p>\n<p><\/p>\n<p class=\"has-theme-palette-4-color has-text-color\">Hur anv\u00e4nder vi Kakor?<br \/>S\u00e4kerst\u00e4lla s\u00e4kerheten och integriteten p\u00e5 v\u00e5r webbplats<br \/>Vi anv\u00e4nder cookies f\u00f6r att hj\u00e4lpa oss att s\u00e4kerst\u00e4lla en s\u00e4ker och p\u00e5litlig milj\u00f6. Cookies hj\u00e4lper oss att bek\u00e4mpa s\u00e4kerhetsintr\u00e5ng p\u00e5 v\u00e5r webbplats, s\u00e5v\u00e4l som mot all aktivitet som bryter mot reglerna f\u00f6r v\u00e5r webbplats.<\/p>\n<p><\/p>\n<p><\/p>\n<p class=\"has-theme-palette-4-color has-text-color\">F\u00f6rb\u00e4ttra anv\u00e4ndarens upplevelse<br \/>Vi anv\u00e4nder funktionella cookies f\u00f6r att komma ih\u00e5g dina preferenser p\u00e5 v\u00e5r webbplats och f\u00f6r att hj\u00e4lpa dig att anv\u00e4nda v\u00e5ra tj\u00e4nster effektivt. Vi kan till exempel anv\u00e4nda cookies f\u00f6r att komma ih\u00e5g din inloggningsinformation, s\u00e5 att du inte beh\u00f6ver skriva in dina inloggningsuppgifter igen varje g\u00e5ng du bes\u00f6ker eller anv\u00e4nder v\u00e5r sida.<\/p>\n<p><\/p>\n<p><\/p>\n<p class=\"has-theme-palette-4-color has-text-color\">Analys och forskning<br \/>V\u00e5r webbplats anv\u00e4nder analytiska cookies (inklusive analytiska cookies). Vi anv\u00e4nder dessa cookies f\u00f6r att f\u00e5 insikt i hur du anv\u00e4nder v\u00e5r webbplats. Detta hj\u00e4lper oss att f\u00f6rst\u00e5 hur du interagerar med v\u00e5r webbplats, vad som \u00e4r intressant f\u00f6r dig och hur vi kan f\u00f6rb\u00e4ttra v\u00e5ra tj\u00e4nster och f\u00f6rb\u00e4ttra din anv\u00e4ndares upplevelse.<\/p>\n<p><\/p>\n<p><\/p>\n<p class=\"has-theme-palette-4-color has-text-color\">Dina datauppgifter och information \u00e4r s\u00e4kra med oss<\/p>\n<p><\/p>\n<p><\/p>\n<p class=\"has-theme-palette-4-color has-text-color\">Vi v\u00e4rdes\u00e4tter v\u00e5ra kunders integritet. Inga personliga kunduppgifter kommer att delas eller s\u00e4ljas \u00f6verhuvudtaget. <\/p>\n<p><\/p>\n<p><\/p>\n<p class=\"has-theme-palette-4-color has-text-color\">Vid fr\u00e5gor ang\u00e5ende integritet policy,kontakta support <a href=\"http:\/\/skuggedamen.com\/sv\/support\/\" data-type=\"page\" data-id=\"100\">h\u00e4r<\/a><\/p>\n<p><\/div>\n<\/div>\n<p><\/div>\n<\/div>\n<\/div>\n<p><\/p>","protected":false},"excerpt":{"rendered":"<p>Like many websites and applications, our site uses cookies and other technologies (such as web beacons, web storage, and unique advertising identifiers) for different purposes. In this policy, we refer to all of these technologies as \u201ccookies.\u201d Through cookies, we are collecting information about your device and your activity, for example, your browser type and&#8230;<\/p>","protected":false},"author":1,"featured_media":0,"parent":0,"menu_order":0,"comment_status":"closed","ping_status":"closed","template":"","meta":{"_kad_post_transparent":"","_kad_post_title":"","_kad_post_layout":"","_kad_post_sidebar_id":"","_kad_post_content_style":"unboxed","_kad_post_vertical_padding":"","_kad_post_feature":"","_kad_post_feature_position":"","_kad_post_header":false,"_kad_post_footer":false,"_kad_post_classname":"","footnotes":""},"class_list":["post-339","page","type-page","status-publish","hentry"],"jetpack_sharing_enabled":true,"_links":{"self":[{"href":"https:\/\/skuggedamen.com\/sv\/wp-json\/wp\/v2\/pages\/339","targetHints":{"allow":["GET"]}}],"collection":[{"href":"https:\/\/skuggedamen.com\/sv\/wp-json\/wp\/v2\/pages"}],"about":[{"href":"https:\/\/skuggedamen.com\/sv\/wp-json\/wp\/v2\/types\/page"}],"author":[{"embeddable":true,"href":"https:\/\/skuggedamen.com\/sv\/wp-json\/wp\/v2\/users\/1"}],"replies":[{"embeddable":true,"href":"https:\/\/skuggedamen.com\/sv\/wp-json\/wp\/v2\/comments?post=339"}],"version-history":[{"count":0,"href":"https:\/\/skuggedamen.com\/sv\/wp-json\/wp\/v2\/pages\/339\/revisions"}],"wp:attachment":[{"href":"https:\/\/skuggedamen.com\/sv\/wp-json\/wp\/v2\/media?parent=339"}],"curies":[{"name":"wp","href":"https:\/\/api.w.org\/{rel}","templated":true}]}}