{"id":342,"date":"2023-02-16T00:10:49","date_gmt":"2023-02-16T00:10:49","guid":{"rendered":"http:\/\/skuggedamen.com\/?page_id=342"},"modified":"2023-02-16T00:10:49","modified_gmt":"2023-02-16T00:10:49","slug":"om-betalsamtal","status":"publish","type":"page","link":"https:\/\/skuggedamen.com\/sv\/om-betalsamtal\/","title":{"rendered":"Om Betalsamtal"},"content":{"rendered":"<p><style>#kt-layout-id_e4f892-b9 > .kt-row-column-wrap{align-content:start;}:where(#kt-layout-id_e4f892-b9 > .kt-row-column-wrap) > .wp-block-kadence-column{justify-content:start;}#kt-layout-id_e4f892-b9 > .kt-row-column-wrap{column-gap:var(--global-kb-gap-md, 2rem);row-gap:var(--global-kb-gap-md, 2rem);padding-top:var( --global-kb-row-default-top, 25px );padding-bottom:var( --global-kb-row-default-bottom, 25px );padding-top:var(--global-kb-spacing-sm, 1.5rem);padding-bottom:var(--global-kb-spacing-sm, 1.5rem);grid-template-columns:minmax(0, 1fr);}#kt-layout-id_e4f892-b9 > .kt-row-layout-overlay{opacity:0.30;}@media all and (max-width: 1024px){#kt-layout-id_e4f892-b9 > .kt-row-column-wrap{grid-template-columns:minmax(0, 1fr);}}@media all and (max-width: 767px){#kt-layout-id_e4f892-b9 > .kt-row-column-wrap{grid-template-columns:minmax(0, 1fr);}}<\/style><\/p>\n<div class=\"wp-block-kadence-rowlayout alignnone\">\n<div id=\"kt-layout-id_e4f892-b9\" class=\"kt-row-layout-inner kt-layout-id_e4f892-b9\">\n<div class=\"kt-row-column-wrap kt-has-1-columns kt-gutter-default kt-v-gutter-default kt-row-valign-top kt-row-layout-equal kt-tab-layout-inherit kt-m-colapse-left-to-right kt-mobile-layout-row\"><style>.kadence-column_21a922-9f > .kt-inside-inner-col{border-top-width:0px;border-right-width:0px;border-bottom-width:0px;border-left-width:0px;}.kadence-column_21a922-9f > .kt-inside-inner-col,.kadence-column_21a922-9f > .kt-inside-inner-col:before{border-top-left-radius:0px;border-top-right-radius:0px;border-bottom-right-radius:0px;border-bottom-left-radius:0px;}.kadence-column_21a922-9f > .kt-inside-inner-col{column-gap:var(--global-kb-gap-sm, 1rem);}.kadence-column_21a922-9f > .kt-inside-inner-col{flex-direction:column;}.kadence-column_21a922-9f > .kt-inside-inner-col > .aligncenter{width:100%;}.kadence-column_21a922-9f > .kt-inside-inner-col:before{opacity:0.3;}.kadence-column_21a922-9f{position:relative;}@media all and (max-width: 1024px){.kadence-column_21a922-9f > .kt-inside-inner-col{flex-direction:column;justify-content:center;}}@media all and (max-width: 767px){.kadence-column_21a922-9f > .kt-inside-inner-col{flex-direction:column;justify-content:center;}}<\/style><\/p>\n<div class=\"wp-block-kadence-column inner-column-1 kadence-column_21a922-9f\">\n<div class=\"kt-inside-inner-col\"><\/p>\n<p>Betalsamtal \u00e4r samtal till betalnummer som b\u00f6rjar p\u00e5 099, 0900, 0939 eller 0944.<\/p>\n<p><\/p>\n<p><\/p>\n<h3 class=\"wp-block-heading\">Allm\u00e4nna villkor <\/h3>\n<p><\/p>\n<p><\/p>\n<h2 class=\"wp-block-heading\">900-nummer<\/h2>\n<p><\/p>\n<p><\/p>\n<p>Betalnummer b\u00f6rjar med 0900, 0939 eller 0944, d\u00e4rav begreppet \u201d900-samtal\u201d. Samtal till s\u00e5dana nummer kostar mer \u00e4n ett vanligt telefonsamtal. Kostnaden f\u00f6r samtalet betalas via teleoperat\u00f6rens faktura och teleoperat\u00f6ren betalar sedan en tj\u00e4nsteleverant\u00f6r den del av kostnaden som avser betalning f\u00f6r sj\u00e4lva tj\u00e4nsten.<\/p>\n<p><\/p>\n<p><\/p>\n<p>Exempel p\u00e5 vanliga tj\u00e4nster som kan betalas med 900-samtal \u00e4r att annonsera p\u00e5 internet p\u00e5 sidor som\u00a0skuggedamen.com, att ringa till en dejtinglinje eller att k\u00f6pa virtuella saker i ett onlinespel p\u00e5 internet. <\/p>\n<p><\/p>\n<p><\/p>\n<p>F\u00f6r 900-samtal som kan kosta mer \u00e4n tjugo kronor ska prisinformation ges inom tio sekunder. Det finns tv\u00e5 olika typer av debiteringar. Det ena inneb\u00e4r att man debiteras f\u00f6r den tid som samtalet har varit uppkopplat, s k pris per minut. N\u00e4r man sl\u00e5r ett s\u00e5dant nummer f\u00e5r man f\u00f6rst h\u00f6ra en r\u00f6st som s\u00e4ger: &#8220;Detta samtal kostar x kronor per minut&#8221;. Om man l\u00e4gger p\u00e5 luren med en g\u00e5ng sker ingen debitering alls.<\/p>\n<p><\/p>\n<p><\/p>\n<p>Den andra typen av debitering \u00e4r s k pris per samtal. Denna typ av tj\u00e4nster anv\u00e4nds f\u00f6r att med hj\u00e4lp av telefonen exempelvis betala f\u00f6r en annons, l\u00e4mna ett bidrag till en hj\u00e4lporganisation eller betala f\u00f6r ett webbspel. Innan ett s\u00e5dant samtal kopplas upp f\u00e5r man inledningsvis h\u00f6ra en inspelad r\u00f6st som s\u00e4ger: &#8220;Detta samtal kostar X kronor. Accepterar du kostnaden, tryck ett&#8221;.&nbsp;<\/p>\n<p><\/p>\n<p><\/p>\n<p>P\u00e5 s\u00e5 vis blir den uppringande alltid informerad om kostnaden f\u00f6r samtalet.\u00a0Observera att vissa operat\u00f6rer avbryter inte samtalet och har ingen speciell h\u00f6gkostnads gr\u00e4ns. <\/p>\n<p><\/p>\n<p><\/p>\n<h2 class=\"wp-block-heading\">Om 099-nummer<\/h2>\n<p><\/p>\n<p><\/p>\n<p>Massanrop \u00e4r en tj\u00e4nst som \u00e4r framtagen f\u00f6r att man ska kunna hantera en stor m\u00e4ngd samtal till samma nummer under kort tid. Den anv\u00e4nds vid till exempel omr\u00f6stningar, exempelvis i Melodifestivalen, eller i olika typer av t\u00e4vlingar.<\/p>\n<p><\/div>\n<\/div>\n<p><\/div>\n<\/div>\n<\/div>\n<p><\/p>","protected":false},"excerpt":{"rendered":"<p>Betalsamtal \u00e4r samtal till betalnummer som b\u00f6rjar p\u00e5 099, 0900, 0939 eller 0944. Allm\u00e4nna villkor 900-nummer Betalnummer b\u00f6rjar med 0900, 0939 eller 0944, d\u00e4rav begreppet \u201d900-samtal\u201d. Samtal till s\u00e5dana nummer kostar mer \u00e4n ett vanligt telefonsamtal. Kostnaden f\u00f6r samtalet betalas via teleoperat\u00f6rens faktura och teleoperat\u00f6ren betalar sedan en tj\u00e4nsteleverant\u00f6r den del av kostnaden som avser&#8230;<\/p>","protected":false},"author":1,"featured_media":0,"parent":0,"menu_order":0,"comment_status":"closed","ping_status":"closed","template":"","meta":{"_kad_post_transparent":"","_kad_post_title":"","_kad_post_layout":"","_kad_post_sidebar_id":"","_kad_post_content_style":"","_kad_post_vertical_padding":"","_kad_post_feature":"","_kad_post_feature_position":"","_kad_post_header":false,"_kad_post_footer":false,"_kad_post_classname":"","footnotes":""},"class_list":["post-342","page","type-page","status-publish","hentry"],"jetpack_sharing_enabled":true,"_links":{"self":[{"href":"https:\/\/skuggedamen.com\/sv\/wp-json\/wp\/v2\/pages\/342","targetHints":{"allow":["GET"]}}],"collection":[{"href":"https:\/\/skuggedamen.com\/sv\/wp-json\/wp\/v2\/pages"}],"about":[{"href":"https:\/\/skuggedamen.com\/sv\/wp-json\/wp\/v2\/types\/page"}],"author":[{"embeddable":true,"href":"https:\/\/skuggedamen.com\/sv\/wp-json\/wp\/v2\/users\/1"}],"replies":[{"embeddable":true,"href":"https:\/\/skuggedamen.com\/sv\/wp-json\/wp\/v2\/comments?post=342"}],"version-history":[{"count":0,"href":"https:\/\/skuggedamen.com\/sv\/wp-json\/wp\/v2\/pages\/342\/revisions"}],"wp:attachment":[{"href":"https:\/\/skuggedamen.com\/sv\/wp-json\/wp\/v2\/media?parent=342"}],"curies":[{"name":"wp","href":"https:\/\/api.w.org\/{rel}","templated":true}]}}